{"id":4471,"date":"2025-12-06T13:06:06","date_gmt":"2025-12-06T12:06:06","guid":{"rendered":"https:\/\/mobilhybrid.de\/?post_type=product&#038;p=4471"},"modified":"2025-12-06T14:20:13","modified_gmt":"2025-12-06T13:20:13","slug":"ch90","status":"publish","type":"product","link":"https:\/\/mobilhybrid.de\/it\/prodotto\/ch90\/","title":{"rendered":"CH90"},"content":{"rendered":"<p><strong>CaricaHybrid CH90-100<\/strong><\/p>\n<p><strong>Il ChargeHybrid CH90-100<\/strong> \u00e8 la nuova, potente soluzione energetica per i cantieri, le applicazioni industriali e le localit\u00e0 con capacit\u00e0 di rete limitata. Combina accumulo intelligente di energia, produzione flessibile di energia e massima affidabilit\u00e0 operativa, ideale per le moderne infrastrutture di ricarica e per i requisiti di stabilizzazione della rete.<\/p>\n<p><strong>Aree di applicazione e vantaggi<\/strong><\/p>\n<ol>\n<li><strong>Alimentazione energetica potente per i cantieri<\/strong><br \/>\nIl CH90-100 fornisce energia ai cantieri in modo affidabile, anche con picchi di potenza elevati. Consente il funzionamento efficiente di macchine elettriche, caricabatterie e installazioni temporanee.<\/li>\n<li><strong>Rafforzamento della rete (grid booster)<\/strong><br \/>\nCome amplificatore di rete, il CH90-100 stabilizza e rafforza le connessioni di rete esistenti. Ci\u00f2 significa che anche le reti deboli o a potenza limitata possono alimentare in modo affidabile le utenze pi\u00f9 grandi.<\/li>\n<li><strong>Infrastruttura di ricarica per macchine edili elettriche<\/strong><br \/>\nIl CH90-100 \u00e8 ideale come unit\u00e0 di ricarica centrale per macchine e attrezzature elettriche per l'edilizia. Fornisce un'elevata potenza di carica senza sovraccaricare la rete elettrica locale.<\/li>\n<li><strong>Funzionamento di macchine con elevata corrente di avviamento<\/strong><br \/>\nGrazie alla sua elevata potenza di breve durata, il CH90-100 \u00e8 perfetto per dispositivi come gru, pompe, finitrici o seghe che richiedono elevate correnti di avviamento.<\/li>\n<li><strong>Ibridazione efficiente dei generatori di energia<\/strong><br \/>\nIn combinazione con un generatore, il CH90-100 riduce significativamente i tempi di funzionamento del gruppo elettrogeno. Ci\u00f2 riduce il consumo di carburante, i costi di manutenzione e le emissioni di CO\u2082 fino a 70 %.<\/li>\n<li><strong>Sostegno delle energie rinnovabili<\/strong><br \/>\nIl CH90-100 pu\u00f2 essere facilmente combinato con moduli fotovoltaici. L'integrazione dell'energia solare consente un approvvigionamento energetico sostenibile e a basse emissioni.<\/li>\n<li><strong>Robusta custodia da esterno per ambienti estremi<\/strong><br \/>\nIl ChargeHybrid CH90-100 \u00e8 installato in un alloggiamento esterno particolarmente robusto, sviluppato appositamente per l'uso quotidiano nei cantieri.<br \/>\nGrazie al grado di protezione IP54, il sistema \u00e8 protetto in modo affidabile da polvere e spruzzi d'acqua ed \u00e8 adatto alle condizioni operative pi\u00f9 difficili.<br \/>\nInoltre, \u00e8 ottimizzato per il funzionamento sicuro in intervalli di temperatura estremi da -15 \u00b0C a +55 \u00b0C.<\/li>\n<\/ol>","protected":false},"excerpt":{"rendered":"<p>Grazie alla combinazione di accumulo di energia, gestione intelligente della ricarica e fornitura flessibile di energia, ChargeHybrid fornisce energia esattamente dove \u00e8 necessaria, in modo affidabile, scalabile e indipendente dalla qualit\u00e0 della rete.<\/p>\n<p>Che si tratti di grandi macchinari o di una complessa logistica di cantiere, il ChargeHybrid crea le basi per processi di costruzione efficienti, a basse emissioni e orientati al futuro.<\/p>","protected":false},"featured_media":2329,"comment_status":"closed","ping_status":"closed","template":"","meta":[],"product_brand":[],"product_cat":[83],"product_tag":[],"class_list":{"0":"post-4471","1":"product","2":"type-product","3":"status-publish","4":"has-post-thumbnail","6":"product_cat-chargehybrid","8":"first","9":"instock","10":"shipping-taxable","11":"product-type-simple"},"yoast_head":"<!-- This site is optimized with the Yoast SEO plugin v26.6 - https:\/\/yoast.com\/wordpress\/plugins\/seo\/ -->\n<title>ChargeHybrid CH90 \u2013 Energieplattform mit maximaler Effizienz<\/title>\n<meta name=\"description\" content=\"ChargeHybrid CH90 Ihre mobile Energieplattform f\u00fcr Baustellen. Hybrid aus Generator &amp; Speicher, PowerBoost bis 100 kW, PV-ready, netzunabh\u00e4ngig &amp; effizient.\" \/>\n<meta name=\"robots\" content=\"index, follow, max-snippet:-1, max-image-preview:large, max-video-preview:-1\" \/>\n<link rel=\"canonical\" href=\"https:\/\/mobilhybrid.de\/it\/prodotto\/ch90\/\" \/>\n<meta property=\"og:locale\" content=\"it_IT\" \/>\n<meta property=\"og:type\" content=\"article\" \/>\n<meta property=\"og:title\" content=\"ChargeHybrid CH90 \u2013 Energieplattform mit maximaler Effizienz\" \/>\n<meta property=\"og:description\" content=\"ChargeHybrid CH90 Ihre mobile Energieplattform f\u00fcr Baustellen. Hybrid aus Generator &amp; Speicher, PowerBoost bis 100 kW, PV-ready, netzunabh\u00e4ngig &amp; effizient.\" \/>\n<meta property=\"og:url\" content=\"https:\/\/mobilhybrid.de\/it\/prodotto\/ch90\/\" \/>\n<meta property=\"og:site_name\" content=\"MobilHybrid\" \/>\n<meta property=\"article:publisher\" content=\"https:\/\/www.facebook.com\/MobilHybrid\/\" \/>\n<meta property=\"article:modified_time\" content=\"2025-12-06T13:20:13+00:00\" \/>\n<meta property=\"og:image\" content=\"https:\/\/mobilhybrid.de\/wp-content\/uploads\/2023\/09\/MH-Hintergrund-weiss.jpg\" \/>\n\t<meta property=\"og:image:width\" content=\"1000\" \/>\n\t<meta property=\"og:image:height\" content=\"1000\" \/>\n\t<meta property=\"og:image:type\" content=\"image\/jpeg\" \/>\n<meta name=\"twitter:card\" content=\"summary_large_image\" \/>\n<script type=\"application\/ld+json\" class=\"yoast-schema-graph\">{\"@context\":\"https:\/\/schema.org\",\"@graph\":[{\"@type\":\"WebPage\",\"@id\":\"https:\/\/mobilhybrid.de\/product\/ch90\/\",\"url\":\"https:\/\/mobilhybrid.de\/product\/ch90\/\",\"name\":\"ChargeHybrid CH90 \u2013 Energieplattform mit maximaler Effizienz\",\"isPartOf\":{\"@id\":\"https:\/\/mobilhybrid.de\/#website\"},\"primaryImageOfPage\":{\"@id\":\"https:\/\/mobilhybrid.de\/product\/ch90\/#primaryimage\"},\"image\":{\"@id\":\"https:\/\/mobilhybrid.de\/product\/ch90\/#primaryimage\"},\"thumbnailUrl\":\"https:\/\/mobilhybrid.de\/wp-content\/uploads\/2023\/09\/MH-Hintergrund-weiss.jpg\",\"datePublished\":\"2025-12-06T12:06:06+00:00\",\"dateModified\":\"2025-12-06T13:20:13+00:00\",\"description\":\"ChargeHybrid CH90 Ihre mobile Energieplattform f\u00fcr Baustellen. Hybrid aus Generator & Speicher, PowerBoost bis 100 kW, PV-ready, netzunabh\u00e4ngig & effizient.\",\"breadcrumb\":{\"@id\":\"https:\/\/mobilhybrid.de\/product\/ch90\/#breadcrumb\"},\"inLanguage\":\"it-IT\",\"potentialAction\":[{\"@type\":\"ReadAction\",\"target\":[\"https:\/\/mobilhybrid.de\/product\/ch90\/\"]}]},{\"@type\":\"ImageObject\",\"inLanguage\":\"it-IT\",\"@id\":\"https:\/\/mobilhybrid.de\/product\/ch90\/#primaryimage\",\"url\":\"https:\/\/mobilhybrid.de\/wp-content\/uploads\/2023\/09\/MH-Hintergrund-weiss.jpg\",\"contentUrl\":\"https:\/\/mobilhybrid.de\/wp-content\/uploads\/2023\/09\/MH-Hintergrund-weiss.jpg\",\"width\":1000,\"height\":1000,\"caption\":\"MobilHybrid MH-48\"},{\"@type\":\"BreadcrumbList\",\"@id\":\"https:\/\/mobilhybrid.de\/product\/ch90\/#breadcrumb\",\"itemListElement\":[{\"@type\":\"ListItem\",\"position\":1,\"name\":\"Home\",\"item\":\"https:\/\/mobilhybrid.de\/\"},{\"@type\":\"ListItem\",\"position\":2,\"name\":\"Produkte\",\"item\":\"https:\/\/mobilhybrid.de\/shop\/\"},{\"@type\":\"ListItem\",\"position\":3,\"name\":\"CH90\"}]},{\"@type\":\"WebSite\",\"@id\":\"https:\/\/mobilhybrid.de\/#website\",\"url\":\"https:\/\/mobilhybrid.de\/\",\"name\":\"MobilHybrid\",\"description\":\"die autarke, mobile netzunabh\u00e4ngige Stromversorgung\",\"publisher\":{\"@id\":\"https:\/\/mobilhybrid.de\/#organization\"},\"potentialAction\":[{\"@type\":\"SearchAction\",\"target\":{\"@type\":\"EntryPoint\",\"urlTemplate\":\"https:\/\/mobilhybrid.de\/?s={search_term_string}\"},\"query-input\":{\"@type\":\"PropertyValueSpecification\",\"valueRequired\":true,\"valueName\":\"search_term_string\"}}],\"inLanguage\":\"it-IT\"},{\"@type\":\"Organization\",\"@id\":\"https:\/\/mobilhybrid.de\/#organization\",\"name\":\"MobilHybrid GmbH\",\"url\":\"https:\/\/mobilhybrid.de\/\",\"logo\":{\"@type\":\"ImageObject\",\"inLanguage\":\"it-IT\",\"@id\":\"https:\/\/mobilhybrid.de\/#\/schema\/logo\/image\/\",\"url\":\"https:\/\/mobilhybrid.de\/wp-content\/uploads\/2020\/04\/152.png\",\"contentUrl\":\"https:\/\/mobilhybrid.de\/wp-content\/uploads\/2020\/04\/152.png\",\"width\":152,\"height\":152,\"caption\":\"MobilHybrid GmbH\"},\"image\":{\"@id\":\"https:\/\/mobilhybrid.de\/#\/schema\/logo\/image\/\"},\"sameAs\":[\"https:\/\/www.facebook.com\/MobilHybrid\/\",\"https:\/\/www.instagram.com\/_mobilhybrid_\/?hl=de\",\"https:\/\/www.youtube.com\/@pv4lifegmbh476\",\"https:\/\/de.linkedin.com\/company\/mobilhybrid-ug\"]}]}<\/script>\n<!-- \/ Yoast SEO plugin. -->","yoast_head_json":{"title":"ChargeHybrid CH90 - piattaforma energetica con la massima efficienza","description":"ChargeHybrid CH90 La vostra piattaforma energetica mobile per i cantieri. Ibrido di generatore e accumulo, PowerBoost fino a 100 kW, predisposto per il fotovoltaico, off-grid ed efficiente.","robots":{"index":"index","follow":"follow","max-snippet":"max-snippet:-1","max-image-preview":"max-image-preview:large","max-video-preview":"max-video-preview:-1"},"canonical":"https:\/\/mobilhybrid.de\/it\/prodotto\/ch90\/","og_locale":"it_IT","og_type":"article","og_title":"ChargeHybrid CH90 \u2013 Energieplattform mit maximaler Effizienz","og_description":"ChargeHybrid CH90 Ihre mobile Energieplattform f\u00fcr Baustellen. Hybrid aus Generator & Speicher, PowerBoost bis 100 kW, PV-ready, netzunabh\u00e4ngig & effizient.","og_url":"https:\/\/mobilhybrid.de\/it\/prodotto\/ch90\/","og_site_name":"MobilHybrid","article_publisher":"https:\/\/www.facebook.com\/MobilHybrid\/","article_modified_time":"2025-12-06T13:20:13+00:00","og_image":[{"width":1000,"height":1000,"url":"https:\/\/mobilhybrid.de\/wp-content\/uploads\/2023\/09\/MH-Hintergrund-weiss.jpg","type":"image\/jpeg"}],"twitter_card":"summary_large_image","schema":{"@context":"https:\/\/schema.org","@graph":[{"@type":"WebPage","@id":"https:\/\/mobilhybrid.de\/product\/ch90\/","url":"https:\/\/mobilhybrid.de\/product\/ch90\/","name":"ChargeHybrid CH90 - piattaforma energetica con la massima efficienza","isPartOf":{"@id":"https:\/\/mobilhybrid.de\/#website"},"primaryImageOfPage":{"@id":"https:\/\/mobilhybrid.de\/product\/ch90\/#primaryimage"},"image":{"@id":"https:\/\/mobilhybrid.de\/product\/ch90\/#primaryimage"},"thumbnailUrl":"https:\/\/mobilhybrid.de\/wp-content\/uploads\/2023\/09\/MH-Hintergrund-weiss.jpg","datePublished":"2025-12-06T12:06:06+00:00","dateModified":"2025-12-06T13:20:13+00:00","description":"ChargeHybrid CH90 La vostra piattaforma energetica mobile per i cantieri. Ibrido di generatore e accumulo, PowerBoost fino a 100 kW, predisposto per il fotovoltaico, off-grid ed efficiente.","breadcrumb":{"@id":"https:\/\/mobilhybrid.de\/product\/ch90\/#breadcrumb"},"inLanguage":"it-IT","potentialAction":[{"@type":"ReadAction","target":["https:\/\/mobilhybrid.de\/product\/ch90\/"]}]},{"@type":"ImageObject","inLanguage":"it-IT","@id":"https:\/\/mobilhybrid.de\/product\/ch90\/#primaryimage","url":"https:\/\/mobilhybrid.de\/wp-content\/uploads\/2023\/09\/MH-Hintergrund-weiss.jpg","contentUrl":"https:\/\/mobilhybrid.de\/wp-content\/uploads\/2023\/09\/MH-Hintergrund-weiss.jpg","width":1000,"height":1000,"caption":"MobilHybrid MH-48"},{"@type":"BreadcrumbList","@id":"https:\/\/mobilhybrid.de\/product\/ch90\/#breadcrumb","itemListElement":[{"@type":"ListItem","position":1,"name":"Home","item":"https:\/\/mobilhybrid.de\/"},{"@type":"ListItem","position":2,"name":"Produkte","item":"https:\/\/mobilhybrid.de\/shop\/"},{"@type":"ListItem","position":3,"name":"CH90"}]},{"@type":"WebSite","@id":"https:\/\/mobilhybrid.de\/#website","url":"https:\/\/mobilhybrid.de\/","name":"MobilHybrid","description":"l'alimentazione autosufficiente, mobile e off-grid","publisher":{"@id":"https:\/\/mobilhybrid.de\/#organization"},"potentialAction":[{"@type":"SearchAction","target":{"@type":"EntryPoint","urlTemplate":"https:\/\/mobilhybrid.de\/?s={search_term_string}"},"query-input":{"@type":"PropertyValueSpecification","valueRequired":true,"valueName":"search_term_string"}}],"inLanguage":"it-IT"},{"@type":"Organization","@id":"https:\/\/mobilhybrid.de\/#organization","name":"MobilHybrid GmbH","url":"https:\/\/mobilhybrid.de\/","logo":{"@type":"ImageObject","inLanguage":"it-IT","@id":"https:\/\/mobilhybrid.de\/#\/schema\/logo\/image\/","url":"https:\/\/mobilhybrid.de\/wp-content\/uploads\/2020\/04\/152.png","contentUrl":"https:\/\/mobilhybrid.de\/wp-content\/uploads\/2020\/04\/152.png","width":152,"height":152,"caption":"MobilHybrid GmbH"},"image":{"@id":"https:\/\/mobilhybrid.de\/#\/schema\/logo\/image\/"},"sameAs":["https:\/\/www.facebook.com\/MobilHybrid\/","https:\/\/www.instagram.com\/_mobilhybrid_\/?hl=de","https:\/\/www.youtube.com\/@pv4lifegmbh476","https:\/\/de.linkedin.com\/company\/mobilhybrid-ug"]}]}},"_links":{"self":[{"href":"https:\/\/mobilhybrid.de\/it\/wp-json\/wp\/v2\/product\/4471","targetHints":{"allow":["GET"]}}],"collection":[{"href":"https:\/\/mobilhybrid.de\/it\/wp-json\/wp\/v2\/product"}],"about":[{"href":"https:\/\/mobilhybrid.de\/it\/wp-json\/wp\/v2\/types\/product"}],"replies":[{"embeddable":true,"href":"https:\/\/mobilhybrid.de\/it\/wp-json\/wp\/v2\/comments?post=4471"}],"wp:featuredmedia":[{"embeddable":true,"href":"https:\/\/mobilhybrid.de\/it\/wp-json\/wp\/v2\/media\/2329"}],"wp:attachment":[{"href":"https:\/\/mobilhybrid.de\/it\/wp-json\/wp\/v2\/media?parent=4471"}],"wp:term":[{"taxonomy":"product_brand","embeddable":true,"href":"https:\/\/mobilhybrid.de\/it\/wp-json\/wp\/v2\/product_brand?post=4471"},{"taxonomy":"product_cat","embeddable":true,"href":"https:\/\/mobilhybrid.de\/it\/wp-json\/wp\/v2\/product_cat?post=4471"},{"taxonomy":"product_tag","embeddable":true,"href":"https:\/\/mobilhybrid.de\/it\/wp-json\/wp\/v2\/product_tag?post=4471"}],"curies":[{"name":"wp","href":"https:\/\/api.w.org\/{rel}","templated":true}]}}