{"id":5113,"date":"2026-04-02T15:12:09","date_gmt":"2026-04-02T13:12:09","guid":{"rendered":"https:\/\/mobilhybrid.de\/product\/poweranalyzer-125a\/"},"modified":"2026-04-02T19:05:22","modified_gmt":"2026-04-02T17:05:22","slug":"poweranalyzer-125a","status":"publish","type":"product","link":"https:\/\/mobilhybrid.de\/it\/prodotto\/poweranalyzer-125a\/","title":{"rendered":"PowerAnalyzer 125A"},"content":{"rendered":"<p><strong>MobilHybrid PowerAnalyzer 125A - Capire l'energia. Riconoscere la domanda.<\/strong><\/p>\n<p>PowerAnalyzer 125A \u00e8 una valigetta di misura robusta e intelligente per registrare in modo semplice e preciso i fabbisogni di energia e di potenza nei cantieri e negli ambienti pi\u00f9 difficili. Il sistema \u00e8 collegato tra il generatore di corrente o la rete elettrica e le utenze: accensione, misurazione, fatto.<\/p>\n<h3>Caratteristiche principali<\/h3>\n<ul>\n<li>Misura simultanea di potenza, energia, corrente e tensione per fase<\/li>\n<li>Alloggiamento robusto per ambienti di cantiere (IP65)<\/li>\n<li>Acquisizione e visualizzazione dei dati in tempo reale attraverso il portale dati MobilHybrid<\/li>\n<li>Registrazione automatica ed esportazione in formato CSV e PDF<\/li>\n<li>Modem LTE integrato con scheda dati inclusa per 12 mesi<\/li>\n<\/ul>\n<h3>Aree di applicazione<\/h3>\n<ul>\n<li>Gestione dell'energia nei cantieri<\/li>\n<li>Rilevamento dei picchi di potenza e gestione del carico<\/li>\n<li>Ottimizzazione dei processi operativi<\/li>\n<li>Conformit\u00e0 e documentazione<\/li>\n<li>Pianificazione della manutenzione attraverso il rilevamento delle anomalie<\/li>\n<\/ul>\n<h3>Esecuzione<\/h3>\n<ul>\n<li>Ingresso: CEE 400 V \/ 125 A<\/li>\n<li>Uscita: CEE 400 V \/ 125 A<\/li>\n<li>Dimensioni: 60 \u00d7 40 \u00d7 27,8 cm<\/li>\n<li>Intervallo di temperatura: da -10 \u00b0C a 45 \u00b0C<\/li>\n<li>Monitoraggio del portale con accesso remoto<\/li>\n<\/ul>","protected":false},"excerpt":{"rendered":"<p>Il MobilHybrid PowerAnalyzer 125A \u00e8 una valigetta di misura intelligente, pronta per essere collegata, per la registrazione precisa dei requisiti energetici e di potenza. Misura potenza, energia, corrente e tensione per fase e trasmette i dati al portale dati MobilHybrid via LTE.<\/p>","protected":false},"featured_media":5109,"comment_status":"closed","ping_status":"closed","template":"","meta":[],"product_brand":[],"product_cat":[92],"product_tag":[86,95,93,94,96],"class_list":{"0":"post-5113","1":"product","2":"type-product","3":"status-publish","4":"has-post-thumbnail","6":"product_cat-poweranalyzer","7":"product_tag-baustelle","8":"product_tag-energieanalyse","9":"product_tag-energiemessung","10":"product_tag-lastmanagement","11":"product_tag-poweranalyzer","13":"first","14":"instock","15":"shipping-taxable","16":"product-type-simple"},"yoast_head":"<!-- This site is optimized with the Yoast SEO plugin v26.6 - https:\/\/yoast.com\/wordpress\/plugins\/seo\/ -->\n<title>PowerAnalyzer 125A \u2013 Leistungs- und Energiemessung f\u00fcr Baustellen | MobilHybrid<\/title>\n<meta name=\"description\" content=\"Der MobilHybrid PowerAnalyzer 125A misst Leistung, Energie, Strom und Spannung pr\u00e4zise und \u00fcbertr\u00e4gt die Daten in Echtzeit ins Datenportal.\" \/>\n<meta name=\"robots\" content=\"noindex, follow, max-snippet:-1, max-image-preview:large, max-video-preview:-1\" \/>\n<meta property=\"og:locale\" content=\"it_IT\" \/>\n<meta property=\"og:type\" content=\"article\" \/>\n<meta property=\"og:title\" content=\"PowerAnalyzer 125A \u2013 Leistungs- und Energiemessung f\u00fcr Baustellen | MobilHybrid\" \/>\n<meta property=\"og:description\" content=\"Der MobilHybrid PowerAnalyzer 125A misst Leistung, Energie, Strom und Spannung pr\u00e4zise und \u00fcbertr\u00e4gt die Daten in Echtzeit ins Datenportal.\" \/>\n<meta property=\"og:url\" content=\"https:\/\/mobilhybrid.de\/it\/prodotto\/poweranalyzer-125a\/\" \/>\n<meta property=\"og:site_name\" content=\"MobilHybrid\" \/>\n<meta property=\"article:publisher\" content=\"https:\/\/www.facebook.com\/MobilHybrid\/\" \/>\n<meta property=\"article:modified_time\" content=\"2026-04-02T17:05:22+00:00\" \/>\n<meta property=\"og:image\" content=\"https:\/\/mobilhybrid.de\/wp-content\/uploads\/2026\/04\/ChatGPT-Image-6.-Feb.-2026-11_03_13.jpeg\" \/>\n\t<meta property=\"og:image:width\" content=\"1024\" \/>\n\t<meta property=\"og:image:height\" content=\"1536\" \/>\n\t<meta property=\"og:image:type\" content=\"image\/jpeg\" \/>\n<meta name=\"twitter:card\" content=\"summary_large_image\" \/>\n<script type=\"application\/ld+json\" class=\"yoast-schema-graph\">{\"@context\":\"https:\/\/schema.org\",\"@graph\":[{\"@type\":\"WebPage\",\"@id\":\"https:\/\/mobilhybrid.de\/product\/poweranalyzer-125a\/\",\"url\":\"https:\/\/mobilhybrid.de\/product\/poweranalyzer-125a\/\",\"name\":\"PowerAnalyzer 125A \u2013 Leistungs- und Energiemessung f\u00fcr Baustellen | MobilHybrid\",\"isPartOf\":{\"@id\":\"https:\/\/mobilhybrid.de\/#website\"},\"primaryImageOfPage\":{\"@id\":\"https:\/\/mobilhybrid.de\/product\/poweranalyzer-125a\/#primaryimage\"},\"image\":{\"@id\":\"https:\/\/mobilhybrid.de\/product\/poweranalyzer-125a\/#primaryimage\"},\"thumbnailUrl\":\"https:\/\/mobilhybrid.de\/wp-content\/uploads\/2026\/04\/ChatGPT-Image-6.-Feb.-2026-11_03_13.jpeg\",\"datePublished\":\"2026-04-02T13:12:09+00:00\",\"dateModified\":\"2026-04-02T17:05:22+00:00\",\"description\":\"Der MobilHybrid PowerAnalyzer 125A misst Leistung, Energie, Strom und Spannung pr\u00e4zise und \u00fcbertr\u00e4gt die Daten in Echtzeit ins Datenportal.\",\"breadcrumb\":{\"@id\":\"https:\/\/mobilhybrid.de\/product\/poweranalyzer-125a\/#breadcrumb\"},\"inLanguage\":\"it-IT\",\"potentialAction\":[{\"@type\":\"ReadAction\",\"target\":[\"https:\/\/mobilhybrid.de\/product\/poweranalyzer-125a\/\"]}]},{\"@type\":\"ImageObject\",\"inLanguage\":\"it-IT\",\"@id\":\"https:\/\/mobilhybrid.de\/product\/poweranalyzer-125a\/#primaryimage\",\"url\":\"https:\/\/mobilhybrid.de\/wp-content\/uploads\/2026\/04\/ChatGPT-Image-6.-Feb.-2026-11_03_13.jpeg\",\"contentUrl\":\"https:\/\/mobilhybrid.de\/wp-content\/uploads\/2026\/04\/ChatGPT-Image-6.-Feb.-2026-11_03_13.jpeg\",\"width\":1024,\"height\":1536},{\"@type\":\"BreadcrumbList\",\"@id\":\"https:\/\/mobilhybrid.de\/product\/poweranalyzer-125a\/#breadcrumb\",\"itemListElement\":[{\"@type\":\"ListItem\",\"position\":1,\"name\":\"Home\",\"item\":\"https:\/\/mobilhybrid.de\/\"},{\"@type\":\"ListItem\",\"position\":2,\"name\":\"Produkte\",\"item\":\"https:\/\/mobilhybrid.de\/shop\/\"},{\"@type\":\"ListItem\",\"position\":3,\"name\":\"PowerAnalyzer 125A\"}]},{\"@type\":\"WebSite\",\"@id\":\"https:\/\/mobilhybrid.de\/#website\",\"url\":\"https:\/\/mobilhybrid.de\/\",\"name\":\"MobilHybrid\",\"description\":\"die autarke, mobile netzunabh\u00e4ngige Stromversorgung\",\"publisher\":{\"@id\":\"https:\/\/mobilhybrid.de\/#organization\"},\"potentialAction\":[{\"@type\":\"SearchAction\",\"target\":{\"@type\":\"EntryPoint\",\"urlTemplate\":\"https:\/\/mobilhybrid.de\/?s={search_term_string}\"},\"query-input\":{\"@type\":\"PropertyValueSpecification\",\"valueRequired\":true,\"valueName\":\"search_term_string\"}}],\"inLanguage\":\"it-IT\"},{\"@type\":\"Organization\",\"@id\":\"https:\/\/mobilhybrid.de\/#organization\",\"name\":\"MobilHybrid GmbH\",\"url\":\"https:\/\/mobilhybrid.de\/\",\"logo\":{\"@type\":\"ImageObject\",\"inLanguage\":\"it-IT\",\"@id\":\"https:\/\/mobilhybrid.de\/#\/schema\/logo\/image\/\",\"url\":\"https:\/\/mobilhybrid.de\/wp-content\/uploads\/2020\/04\/152.png\",\"contentUrl\":\"https:\/\/mobilhybrid.de\/wp-content\/uploads\/2020\/04\/152.png\",\"width\":152,\"height\":152,\"caption\":\"MobilHybrid GmbH\"},\"image\":{\"@id\":\"https:\/\/mobilhybrid.de\/#\/schema\/logo\/image\/\"},\"sameAs\":[\"https:\/\/www.facebook.com\/MobilHybrid\/\",\"https:\/\/www.instagram.com\/_mobilhybrid_\/?hl=de\",\"https:\/\/www.youtube.com\/@pv4lifegmbh476\",\"https:\/\/de.linkedin.com\/company\/mobilhybrid-ug\"]}]}<\/script>\n<!-- \/ Yoast SEO plugin. -->","yoast_head_json":{"title":"PowerAnalyzer 125A - Misurazione di potenza ed energia per i cantieri | MobilHybrid","description":"Il MobilHybrid PowerAnalyzer 125A misura con precisione potenza, energia, corrente e tensione e trasmette i dati al portale dati in tempo reale.","robots":{"index":"noindex","follow":"follow","max-snippet":"max-snippet:-1","max-image-preview":"max-image-preview:large","max-video-preview":"max-video-preview:-1"},"og_locale":"it_IT","og_type":"article","og_title":"PowerAnalyzer 125A \u2013 Leistungs- und Energiemessung f\u00fcr Baustellen | MobilHybrid","og_description":"Der MobilHybrid PowerAnalyzer 125A misst Leistung, Energie, Strom und Spannung pr\u00e4zise und \u00fcbertr\u00e4gt die Daten in Echtzeit ins Datenportal.","og_url":"https:\/\/mobilhybrid.de\/it\/prodotto\/poweranalyzer-125a\/","og_site_name":"MobilHybrid","article_publisher":"https:\/\/www.facebook.com\/MobilHybrid\/","article_modified_time":"2026-04-02T17:05:22+00:00","og_image":[{"width":1024,"height":1536,"url":"https:\/\/mobilhybrid.de\/wp-content\/uploads\/2026\/04\/ChatGPT-Image-6.-Feb.-2026-11_03_13.jpeg","type":"image\/jpeg"}],"twitter_card":"summary_large_image","schema":{"@context":"https:\/\/schema.org","@graph":[{"@type":"WebPage","@id":"https:\/\/mobilhybrid.de\/product\/poweranalyzer-125a\/","url":"https:\/\/mobilhybrid.de\/product\/poweranalyzer-125a\/","name":"PowerAnalyzer 125A - Misurazione di potenza ed energia per i cantieri | MobilHybrid","isPartOf":{"@id":"https:\/\/mobilhybrid.de\/#website"},"primaryImageOfPage":{"@id":"https:\/\/mobilhybrid.de\/product\/poweranalyzer-125a\/#primaryimage"},"image":{"@id":"https:\/\/mobilhybrid.de\/product\/poweranalyzer-125a\/#primaryimage"},"thumbnailUrl":"https:\/\/mobilhybrid.de\/wp-content\/uploads\/2026\/04\/ChatGPT-Image-6.-Feb.-2026-11_03_13.jpeg","datePublished":"2026-04-02T13:12:09+00:00","dateModified":"2026-04-02T17:05:22+00:00","description":"Il MobilHybrid PowerAnalyzer 125A misura con precisione potenza, energia, corrente e tensione e trasmette i dati al portale dati in tempo reale.","breadcrumb":{"@id":"https:\/\/mobilhybrid.de\/product\/poweranalyzer-125a\/#breadcrumb"},"inLanguage":"it-IT","potentialAction":[{"@type":"ReadAction","target":["https:\/\/mobilhybrid.de\/product\/poweranalyzer-125a\/"]}]},{"@type":"ImageObject","inLanguage":"it-IT","@id":"https:\/\/mobilhybrid.de\/product\/poweranalyzer-125a\/#primaryimage","url":"https:\/\/mobilhybrid.de\/wp-content\/uploads\/2026\/04\/ChatGPT-Image-6.-Feb.-2026-11_03_13.jpeg","contentUrl":"https:\/\/mobilhybrid.de\/wp-content\/uploads\/2026\/04\/ChatGPT-Image-6.-Feb.-2026-11_03_13.jpeg","width":1024,"height":1536},{"@type":"BreadcrumbList","@id":"https:\/\/mobilhybrid.de\/product\/poweranalyzer-125a\/#breadcrumb","itemListElement":[{"@type":"ListItem","position":1,"name":"Home","item":"https:\/\/mobilhybrid.de\/"},{"@type":"ListItem","position":2,"name":"Produkte","item":"https:\/\/mobilhybrid.de\/shop\/"},{"@type":"ListItem","position":3,"name":"PowerAnalyzer 125A"}]},{"@type":"WebSite","@id":"https:\/\/mobilhybrid.de\/#website","url":"https:\/\/mobilhybrid.de\/","name":"MobilHybrid","description":"l'alimentazione autosufficiente, mobile e off-grid","publisher":{"@id":"https:\/\/mobilhybrid.de\/#organization"},"potentialAction":[{"@type":"SearchAction","target":{"@type":"EntryPoint","urlTemplate":"https:\/\/mobilhybrid.de\/?s={search_term_string}"},"query-input":{"@type":"PropertyValueSpecification","valueRequired":true,"valueName":"search_term_string"}}],"inLanguage":"it-IT"},{"@type":"Organization","@id":"https:\/\/mobilhybrid.de\/#organization","name":"MobilHybrid GmbH","url":"https:\/\/mobilhybrid.de\/","logo":{"@type":"ImageObject","inLanguage":"it-IT","@id":"https:\/\/mobilhybrid.de\/#\/schema\/logo\/image\/","url":"https:\/\/mobilhybrid.de\/wp-content\/uploads\/2020\/04\/152.png","contentUrl":"https:\/\/mobilhybrid.de\/wp-content\/uploads\/2020\/04\/152.png","width":152,"height":152,"caption":"MobilHybrid GmbH"},"image":{"@id":"https:\/\/mobilhybrid.de\/#\/schema\/logo\/image\/"},"sameAs":["https:\/\/www.facebook.com\/MobilHybrid\/","https:\/\/www.instagram.com\/_mobilhybrid_\/?hl=de","https:\/\/www.youtube.com\/@pv4lifegmbh476","https:\/\/de.linkedin.com\/company\/mobilhybrid-ug"]}]}},"_links":{"self":[{"href":"https:\/\/mobilhybrid.de\/it\/wp-json\/wp\/v2\/product\/5113","targetHints":{"allow":["GET"]}}],"collection":[{"href":"https:\/\/mobilhybrid.de\/it\/wp-json\/wp\/v2\/product"}],"about":[{"href":"https:\/\/mobilhybrid.de\/it\/wp-json\/wp\/v2\/types\/product"}],"replies":[{"embeddable":true,"href":"https:\/\/mobilhybrid.de\/it\/wp-json\/wp\/v2\/comments?post=5113"}],"wp:featuredmedia":[{"embeddable":true,"href":"https:\/\/mobilhybrid.de\/it\/wp-json\/wp\/v2\/media\/5109"}],"wp:attachment":[{"href":"https:\/\/mobilhybrid.de\/it\/wp-json\/wp\/v2\/media?parent=5113"}],"wp:term":[{"taxonomy":"product_brand","embeddable":true,"href":"https:\/\/mobilhybrid.de\/it\/wp-json\/wp\/v2\/product_brand?post=5113"},{"taxonomy":"product_cat","embeddable":true,"href":"https:\/\/mobilhybrid.de\/it\/wp-json\/wp\/v2\/product_cat?post=5113"},{"taxonomy":"product_tag","embeddable":true,"href":"https:\/\/mobilhybrid.de\/it\/wp-json\/wp\/v2\/product_tag?post=5113"}],"curies":[{"name":"wp","href":"https:\/\/api.w.org\/{rel}","templated":true}]}}